{"id":4,"date":"2023-01-21T09:22:52","date_gmt":"2023-01-21T09:22:52","guid":{"rendered":"http:\/\/wp.fischereiverein-uhingen.de\/?page_id=4"},"modified":"2023-03-08T18:19:40","modified_gmt":"2023-03-08T17:19:40","slug":"willkommen-auf-http-wp-fischereiverein-uhingen-de","status":"publish","type":"page","link":"https:\/\/fischereiverein-uhingen.de\/?page_id=4","title":{"rendered":"Gastkarten"},"content":{"rendered":"\n<p class=\"has-medium-font-size\"><strong>Bei folgenden Fachh\u00e4ndlern sind Gastkarten f\u00fcr unsere Gew\u00e4sser erh\u00e4ltlich.<br>Die jeweils erh\u00e4ltlichen Gew\u00e4sser stehen unter den Kontaktdaten.<br><em>F\u00fcr nicht aufgef\u00fchrte Gew\u00e4sser gibt es keine Gastkarten!<\/em><\/strong><\/p>\n\n\n\n<div class=\"wp-block-columns alignwide is-layout-flex wp-container-core-columns-layout-1 wp-block-columns-is-layout-flex\">\n<div class=\"wp-block-column has-text-color has-background has-link-color wp-elements-ecdc57f5038988271426062c67a16ca7 is-layout-flow wp-block-column-is-layout-flow\" style=\"color:#000000;background-color:#079844c2;padding-top:2em;padding-right:2em;padding-bottom:2em;padding-left:2em\">\n<h2 class=\"has-black-color has-text-color wp-block-heading\">Fachversand Stollenwerk<\/h2>\n\n\n\n<p class=\"has-black-color has-text-color\">Im Bruckenwasen 1<br>73207 Plochingen<br>Tel.: 0 71 53 \/ 92 92-0<br>e-Mail: <a href=\"mailto:info@angel-shop.de\">info@angeln-shop.de<\/a> <br>Internet: <a href=\"http:\/\/www.angel-shop.de\">ww<\/a><a href=\"https:\/\/www.angeln-shop.de\/ladengeschaeft\/\">w.angeln-shop.de<\/a><\/p>\n\n\n\n<hr class=\"wp-block-separator has-alpha-channel-opacity\"\/>\n\n\n\n<ul>\n<li><strong><em>Herrenbachstausee bei Adelberg<\/em><\/strong><\/li>\n\n\n\n<li><strong><em>Faiminger Gew\u00e4sser<\/em><\/strong> <strong><em>(Donau und Brenz)<\/em><\/strong><\/li>\n<\/ul>\n<\/div>\n\n\n\n<div class=\"wp-block-column has-text-color has-background has-link-color wp-elements-ec2404131a2be3f8f099c9f5487eefe6 is-layout-flow wp-block-column-is-layout-flow\" style=\"color:#000000;background-color:#3c758fc2;padding-top:2em;padding-right:2em;padding-bottom:2em;padding-left:2em\">\n<h2 class=\"has-black-color has-text-color wp-block-heading\" id=\"family\">Hemmes Angelstube<\/h2>\n\n\n\n<p class=\"has-black-color has-text-color\">Turmstr. 3<br>72631 Aichtal &#8211; Gr\u00f6tzingen<br>Tel.: 0 71 27 \/ 95 23 42<br>e-Mail: <a href=\"mailto:info@hemmes-angelstube.de\">info@hemmes-angelstube.de<\/a><br>Inernet: <a href=\"http:\/\/www.hemmes-angelstube.de\" data-type=\"URL\" data-id=\"www.hemmes-angelstube.de\">www.hemmes-angelstube.de<\/a><\/p>\n\n\n\n<hr class=\"wp-block-separator has-alpha-channel-opacity\"\/>\n\n\n\n<ul>\n<li><strong><em>Herrenbachstausee bei Adelberg<\/em><\/strong><\/li>\n\n\n\n<li><strong><em>Faiminger Gew\u00e4sser<\/em><\/strong> <strong><em>(Donau und Brenz)<\/em><\/strong><\/li>\n<\/ul>\n<\/div>\n<\/div>\n\n\n\n<div class=\"wp-block-columns alignwide is-layout-flex wp-container-core-columns-layout-2 wp-block-columns-is-layout-flex\">\n<div class=\"wp-block-column has-text-color has-background has-link-color wp-elements-94d0b4f34f19184652f69b304043ccb6 is-layout-flow wp-block-column-is-layout-flow\" style=\"color:#000000;background-color:#3c758fc2;padding-top:2em;padding-right:2em;padding-bottom:2em;padding-left:2em\">\n<h2 class=\"has-black-color has-text-color wp-block-heading\" id=\"family\">Harry&#8217;s Angelshop<\/h2>\n\n\n\n<p class=\"has-black-color has-text-color\">Harald Matzke<br>Gro\u00dfe Gasse 1<br>73333 Gingen\/Fils<br>Tel.:07162-41331<\/p>\n\n\n\n<hr class=\"wp-block-separator has-alpha-channel-opacity\"\/>\n\n\n\n<ul>\n<li><strong><em>Herrenbachstausee bei Adelberg<\/em><\/strong><\/li>\n\n\n\n<li><strong><em>Faiminger Gew\u00e4sser<\/em><\/strong> <strong><em>(Donau und Brenz)<\/em><\/strong><\/li>\n<\/ul>\n<\/div>\n\n\n\n<div class=\"wp-block-column has-text-color has-background has-link-color wp-elements-9c78caba3d9fb36abb8c9f0430c4a105 is-layout-flow wp-block-column-is-layout-flow\" style=\"color:#000000;background-color:#079844c2;padding-top:2em;padding-right:2em;padding-bottom:2em;padding-left:2em\">\n<h2 class=\"has-black-color has-text-color wp-block-heading\">M\u00fcller K\u00f6der und Angelbedarf<\/h2>\n\n\n\n<p class=\"has-black-color has-text-color\">Teckstr. 86<br>73547 Lorch &#8211; Weitmars<br>Tel.: 0 71 72 \/ 18 33 41<br>e-Mail: <a href=\"mailto:koederMueller@t-online.de\">koederMueller@t-online.de<\/a><br>Internet: <a href=\"http:\/\/www.koedermueller.de\" data-type=\"URL\" data-id=\"www.koedermueller.de\">www.koedermueller.de<\/a><\/p>\n\n\n\n<hr class=\"wp-block-separator has-alpha-channel-opacity\"\/>\n\n\n\n<ul>\n<li><strong><em>Herrenbachstausee bei Adelberg<\/em><\/strong><\/li>\n\n\n\n<li><strong><em>Faiminger Gew\u00e4sser<\/em><\/strong> <strong><em>(Donau und Brenz)<\/em><\/strong><\/li>\n<\/ul>\n<\/div>\n<\/div>\n\n\n\n<div class=\"wp-block-columns alignwide is-layout-flex wp-container-core-columns-layout-3 wp-block-columns-is-layout-flex\">\n<div class=\"wp-block-column has-text-color has-background has-link-color wp-elements-25659b36deafc7797f82696767df8822 is-layout-flow wp-block-column-is-layout-flow\" style=\"color:#000000;background-color:#079844c2;padding-top:2em;padding-right:2em;padding-bottom:2em;padding-left:2em\">\n<h2 class=\"has-black-color has-text-color wp-block-heading\">Fishermans Partner<\/h2>\n\n\n\n<p class=\"has-black-color has-text-color\">Nagoldstr. 49<br>70376 Stuttgart<br>Tel.: 07 11 \/ 53 06 01 30<br>e-Mail: <a href=\"mailto:stuttgart@fishermans-partner.de\">stuttgart@fishermans-partner.de<\/a><br>Internet: <a href=\"https:\/\/www.fishermans-partner.eu\/angler-fachm%C3%A4rkte\/deutschland\/stuttgart\/\">www.fishermans-partner.eu<\/a><\/p>\n\n\n\n<hr class=\"wp-block-separator has-alpha-channel-opacity\"\/>\n\n\n\n<ul>\n<li><strong><em>Herrenbachstausee bei Adelberg<\/em><\/strong><\/li>\n<\/ul>\n<\/div>\n\n\n\n<div class=\"wp-block-column has-text-color has-background has-link-color wp-elements-cf47587bd7c6fb2bbf11c23c32a498dd is-layout-flow wp-block-column-is-layout-flow\" style=\"color:#000000;background-color:#3c758fc2;padding-top:2em;padding-right:2em;padding-bottom:2em;padding-left:2em\">\n<h2 class=\"has-black-color has-text-color wp-block-heading\" id=\"family\">Waffen Greger<\/h2>\n\n\n\n<p class=\"has-black-color has-text-color\">Weberstra\u00dfe 3<br>89407 Dillingen a.d. Donau<br>Tel.: 09071 \/ 1204<br>e-Mail: <a href=\"mailto:waffen-greger@web.de\">waffen-greger@web.de<\/a><br>Internet: <a href=\"http:\/\/www.waffen-greger.de\" data-type=\"URL\" data-id=\"www.waffen-greger.de\">www.waffen-greger.de<\/a><\/p>\n\n\n\n<hr class=\"wp-block-separator has-alpha-channel-opacity\"\/>\n\n\n\n<ul>\n<li><strong><em>Faiminger Gew\u00e4sser (Donau und Brenz)<\/em><\/strong><\/li>\n<\/ul>\n<\/div>\n<\/div>\n\n\n\n<div class=\"wp-block-columns alignwide is-layout-flex wp-container-core-columns-layout-4 wp-block-columns-is-layout-flex\">\n<div class=\"wp-block-column has-text-color has-background has-link-color wp-elements-f1efa51dc5089007d97de0e38d091e92 is-layout-flow wp-block-column-is-layout-flow\" style=\"color:#000000;background-color:#3c758fc2;padding-top:2em;padding-right:2em;padding-bottom:2em;padding-left:2em\">\n<h2 class=\"has-black-color has-text-color wp-block-heading\">Aalener Angelmarkt<\/h2>\n\n\n\n<p class=\"has-black-color has-text-color\">Ringstr. 39<br>73450 Neresheim<br>Tel.: 0 73 26 \/ 96 54 51<br>e-Mail: <a href=\"mailto:kontakt@aalener-angelmarkt.de\">kontakt@aalener-angelmarkt.de<\/a><br>Internet: <a href=\"http:\/\/www.aalener-angelmarkt.de\" data-type=\"URL\" data-id=\"www.aalener-angelmarkt.de\">www.aalener-angelmarkt.de<\/a><\/p>\n\n\n\n<hr class=\"wp-block-separator has-alpha-channel-opacity\"\/>\n\n\n\n<ul>\n<li><strong><em>Faiminger Gew\u00e4sser<\/em><\/strong> <strong><em>(Donau und Brenz)<\/em><\/strong><\/li>\n<\/ul>\n<\/div>\n\n\n\n<div class=\"wp-block-column has-text-color has-background has-link-color wp-elements-1e79340e8f684528f72f08bf51482670 is-layout-flow wp-block-column-is-layout-flow\" style=\"color:#000000;background-color:#ffffff00;padding-top:2em;padding-right:2em;padding-bottom:2em;padding-left:2em\">\n<p class=\"has-black-color has-text-color\"><\/p>\n<\/div>\n<\/div>\n","protected":false},"excerpt":{"rendered":"<p>Bei folgenden Fachh\u00e4ndlern sind Gastkarten f\u00fcr unsere Gew\u00e4sser erh\u00e4ltlich.Die jeweils erh\u00e4ltlichen Gew\u00e4sser stehen unter den Kontaktdaten.F\u00fcr nicht aufgef\u00fchrte Gew\u00e4sser gibt es keine Gastkarten! Fachversand Stollenwerk Im Bruckenwasen 173207 PlochingenTel.: 0 [&hellip;]<\/p>\n","protected":false},"author":1,"featured_media":0,"parent":0,"menu_order":0,"comment_status":"closed","ping_status":"open","template":"template-fullwidth.php","meta":{"footnotes":""},"_links":{"self":[{"href":"https:\/\/fischereiverein-uhingen.de\/index.php?rest_route=\/wp\/v2\/pages\/4"}],"collection":[{"href":"https:\/\/fischereiverein-uhingen.de\/index.php?rest_route=\/wp\/v2\/pages"}],"about":[{"href":"https:\/\/fischereiverein-uhingen.de\/index.php?rest_route=\/wp\/v2\/types\/page"}],"author":[{"embeddable":true,"href":"https:\/\/fischereiverein-uhingen.de\/index.php?rest_route=\/wp\/v2\/users\/1"}],"replies":[{"embeddable":true,"href":"https:\/\/fischereiverein-uhingen.de\/index.php?rest_route=%2Fwp%2Fv2%2Fcomments&post=4"}],"version-history":[{"count":18,"href":"https:\/\/fischereiverein-uhingen.de\/index.php?rest_route=\/wp\/v2\/pages\/4\/revisions"}],"predecessor-version":[{"id":108,"href":"https:\/\/fischereiverein-uhingen.de\/index.php?rest_route=\/wp\/v2\/pages\/4\/revisions\/108"}],"wp:attachment":[{"href":"https:\/\/fischereiverein-uhingen.de\/index.php?rest_route=%2Fwp%2Fv2%2Fmedia&parent=4"}],"curies":[{"name":"wp","href":"https:\/\/api.w.org\/{rel}","templated":true}]}}