{"id":2,"date":"2023-01-21T10:06:45","date_gmt":"2023-01-21T10:06:45","guid":{"rendered":"http:\/\/wp.fischereiverein-uhingen.de\/?page_id=2"},"modified":"2023-03-07T22:45:33","modified_gmt":"2023-03-07T21:45:33","slug":"sample-page","status":"publish","type":"page","link":"https:\/\/fischereiverein-uhingen.de\/?page_id=2","title":{"rendered":"\u00dcber uns"},"content":{"rendered":"\n<h2 class=\"wp-block-heading\">Der Vorstand<\/h2>\n\n\n\n<div class=\"wp-block-columns is-layout-flex wp-container-core-columns-layout-1 wp-block-columns-is-layout-flex\">\n<div class=\"wp-block-column is-layout-flow wp-block-column-is-layout-flow\">\n<h2 class=\"wp-block-heading\">Gesch\u00e4ftsf\u00fchrer<\/h2>\n\n\n\n<p>Karlheinz Blessing<br><a href=\"mailto:geschaeftsfuehrer@fischereiverein-uhingen.de\">geschaeftsfuehrer@fischereiverein-uhingen.de<\/a><\/p>\n<\/div>\n\n\n\n<div class=\"wp-block-column is-layout-flow wp-block-column-is-layout-flow\">\n<h2 class=\"wp-block-heading\">stellv. Gesch\u00e4ftsf\u00fchrer<\/h2>\n\n\n\n<p>Fred Keller<\/p>\n<\/div>\n<\/div>\n\n\n\n<div class=\"wp-block-columns is-layout-flex wp-container-core-columns-layout-2 wp-block-columns-is-layout-flex\">\n<div class=\"wp-block-column is-layout-flow wp-block-column-is-layout-flow\">\n<h2 class=\"wp-block-heading\">1. Vorsitzender<\/h2>\n\n\n\n<p>Thomas Rupp &nbsp;&nbsp;&nbsp;&nbsp;<br><a href=\"mailto:vorstand@fischereiverein-uhingen.de\">vorstand@fischereiverein-uhingen.de<\/a><\/p>\n<\/div>\n\n\n\n<div class=\"wp-block-column is-layout-flow wp-block-column-is-layout-flow\">\n<h2 class=\"wp-block-heading\">stellv. Vorsitzender<\/h2>\n\n\n\n<p>Volker Merkle<\/p>\n<\/div>\n<\/div>\n\n\n\n<div class=\"wp-block-columns is-layout-flex wp-container-core-columns-layout-3 wp-block-columns-is-layout-flex\">\n<div class=\"wp-block-column is-layout-flow wp-block-column-is-layout-flow\">\n<h2 class=\"wp-block-heading\">Schriftf\u00fchrer<\/h2>\n\n\n\n<p>Werner Staudenmayer&nbsp;&nbsp;&nbsp;&nbsp;<\/p>\n<\/div>\n\n\n\n<div class=\"wp-block-column is-layout-flow wp-block-column-is-layout-flow\">\n<h2 class=\"wp-block-heading\">stellv. Schriftf\u00fchrer<\/h2>\n\n\n\n<p>David K\u00f6hlnhofer<\/p>\n<\/div>\n<\/div>\n","protected":false},"excerpt":{"rendered":"<p>Der Vorstand Gesch\u00e4ftsf\u00fchrer Karlheinz Blessinggeschaeftsfuehrer@fischereiverein-uhingen.de stellv. Gesch\u00e4ftsf\u00fchrer Fred Keller 1. Vorsitzender Thomas Rupp &nbsp;&nbsp;&nbsp;&nbsp;vorstand@fischereiverein-uhingen.de stellv. Vorsitzender Volker Merkle Schriftf\u00fchrer Werner Staudenmayer&nbsp;&nbsp;&nbsp;&nbsp; stellv. Schriftf\u00fchrer David K\u00f6hlnhofer<\/p>\n","protected":false},"author":1,"featured_media":0,"parent":0,"menu_order":0,"comment_status":"closed","ping_status":"open","template":"template-fullwidth.php","meta":{"footnotes":""},"_links":{"self":[{"href":"https:\/\/fischereiverein-uhingen.de\/index.php?rest_route=\/wp\/v2\/pages\/2"}],"collection":[{"href":"https:\/\/fischereiverein-uhingen.de\/index.php?rest_route=\/wp\/v2\/pages"}],"about":[{"href":"https:\/\/fischereiverein-uhingen.de\/index.php?rest_route=\/wp\/v2\/types\/page"}],"author":[{"embeddable":true,"href":"https:\/\/fischereiverein-uhingen.de\/index.php?rest_route=\/wp\/v2\/users\/1"}],"replies":[{"embeddable":true,"href":"https:\/\/fischereiverein-uhingen.de\/index.php?rest_route=%2Fwp%2Fv2%2Fcomments&post=2"}],"version-history":[{"count":3,"href":"https:\/\/fischereiverein-uhingen.de\/index.php?rest_route=\/wp\/v2\/pages\/2\/revisions"}],"predecessor-version":[{"id":95,"href":"https:\/\/fischereiverein-uhingen.de\/index.php?rest_route=\/wp\/v2\/pages\/2\/revisions\/95"}],"wp:attachment":[{"href":"https:\/\/fischereiverein-uhingen.de\/index.php?rest_route=%2Fwp%2Fv2%2Fmedia&parent=2"}],"curies":[{"name":"wp","href":"https:\/\/api.w.org\/{rel}","templated":true}]}}