{"id":16,"date":"2023-01-30T14:20:51","date_gmt":"2023-01-30T14:20:51","guid":{"rendered":"http:\/\/wp.fischereiverein-uhingen.de\/?page_id=16"},"modified":"2025-05-23T13:25:18","modified_gmt":"2025-05-23T12:25:18","slug":"home","status":"publish","type":"page","link":"https:\/\/fischereiverein-uhingen.de\/","title":{"rendered":"Herzlich Willkommen beim Fischereiverein Uhingen"},"content":{"rendered":"\n<p>Hier finden Freunde des Vereins sowie Freunde des Angelns viele Informationen rund um unseren Verein. Wir geben Ihnen Einblick \u00fcber die Gew\u00e4sser, stellen unsere Jugendarbeit vor und informieren Sie \u00fcber Termine sowie Veranstaltungen usw.<\/p>\n\n\n\n<p>Unsere Vereinsgeschichte begann 1955 und hat dazu beigetragen das wir Heute mit Stolz dem wohl f\u00fcr uns sch\u00f6nsten Hobby der Welt nachgehen k\u00f6nnen.<\/p>\n\n\n\n<figure class=\"wp-block-image size-full\"><img loading=\"lazy\" decoding=\"async\" width=\"800\" height=\"533\" src=\"http:\/\/wp.fischereiverein-uhingen.de\/wp-content\/uploads\/2023\/01\/VereinsheimEpplesee01gr.jpg\" alt=\"Vereinsheim Uhingen\" class=\"wp-image-8\" srcset=\"https:\/\/fischereiverein-uhingen.de\/wp-content\/uploads\/2023\/01\/VereinsheimEpplesee01gr.jpg 800w, https:\/\/fischereiverein-uhingen.de\/wp-content\/uploads\/2023\/01\/VereinsheimEpplesee01gr-300x200.jpg 300w, https:\/\/fischereiverein-uhingen.de\/wp-content\/uploads\/2023\/01\/VereinsheimEpplesee01gr-768x512.jpg 768w\" sizes=\"(max-width: 800px) 100vw, 800px\" \/><figcaption class=\"wp-element-caption\">Vereinsheim am Epplesee in Uhingen<\/figcaption><\/figure>\n\n\n\n<p>Angeln ist mehr als nur Fische fangen es ist die Natur und seine Lebewesen zu erleben und zu respektieren.<\/p>\n\n\n\n<p>Das Angeln in einem Verein, vereint die Liebe zur Natur und all seinen Lebewesen mit Leidenschaft und gro\u00dfer Verantwortung. Es bedeutet Teil einer Gemeinschaft zu sein und Freundschaften zu kn\u00fcpfen und zu pflegen.<\/p>\n\n\n\n<p>Lernen Sie unseren Verein und unsere Aktivit\u00e4ten besser kennen und vielleicht d\u00fcrfen wir Sie ja auch einmal w\u00e4hrend<\/p>\n\n\n\n<p>unserer \u00d6ffnungszeiten im Fischerheim am Epplesee in Uhingen oder zu einer unserer Veranstaltungen begr\u00fc\u00dfen.<\/p>\n\n\n\n<p>Ein herzliches \u201ePetri Heil\u201c und viele sch\u00f6ne Stunden am Wasser,<br>Ihr<br>Fischereiverein Uhingen e.V.<\/p>\n","protected":false},"excerpt":{"rendered":"<p>Hier finden Freunde des Vereins sowie Freunde des Angelns viele Informationen rund um unseren Verein. Wir geben Ihnen Einblick \u00fcber die Gew\u00e4sser, stellen unsere Jugendarbeit vor und informieren Sie \u00fcber [&hellip;]<\/p>\n","protected":false},"author":1,"featured_media":0,"parent":0,"menu_order":0,"comment_status":"closed","ping_status":"closed","template":"","meta":{"footnotes":""},"_links":{"self":[{"href":"https:\/\/fischereiverein-uhingen.de\/index.php?rest_route=\/wp\/v2\/pages\/16"}],"collection":[{"href":"https:\/\/fischereiverein-uhingen.de\/index.php?rest_route=\/wp\/v2\/pages"}],"about":[{"href":"https:\/\/fischereiverein-uhingen.de\/index.php?rest_route=\/wp\/v2\/types\/page"}],"author":[{"embeddable":true,"href":"https:\/\/fischereiverein-uhingen.de\/index.php?rest_route=\/wp\/v2\/users\/1"}],"replies":[{"embeddable":true,"href":"https:\/\/fischereiverein-uhingen.de\/index.php?rest_route=%2Fwp%2Fv2%2Fcomments&post=16"}],"version-history":[{"count":10,"href":"https:\/\/fischereiverein-uhingen.de\/index.php?rest_route=\/wp\/v2\/pages\/16\/revisions"}],"predecessor-version":[{"id":145,"href":"https:\/\/fischereiverein-uhingen.de\/index.php?rest_route=\/wp\/v2\/pages\/16\/revisions\/145"}],"wp:attachment":[{"href":"https:\/\/fischereiverein-uhingen.de\/index.php?rest_route=%2Fwp%2Fv2%2Fmedia&parent=16"}],"curies":[{"name":"wp","href":"https:\/\/api.w.org\/{rel}","templated":true}]}}